{"id":181,"date":"2021-01-24T17:40:13","date_gmt":"2021-01-24T17:40:13","guid":{"rendered":"https:\/\/www.rockkistrica.hr\/?page_id=181"},"modified":"2025-12-02T15:02:21","modified_gmt":"2025-12-02T14:02:21","slug":"regulatorne-usluge","status":"publish","type":"page","link":"https:\/\/www.rockkistrica.hr\/pocetna-stranica\/regulatorne-usluge\/","title":{"rendered":"Regulatorne usluge"},"content":{"rendered":"<p>[et_pb_section fb_built=&#8221;1&#8243; module_id=&#8221;blog&#8221; _builder_version=&#8221;4.23&#8243; _module_preset=&#8221;default&#8221; custom_padding=&#8221;20px||0px|||&#8221; global_colors_info=&#8221;{}&#8221;][et_pb_row _builder_version=&#8221;4.23&#8243; _module_preset=&#8221;default&#8221; global_colors_info=&#8221;{}&#8221;][et_pb_column type=&#8221;4_4&#8243; _builder_version=&#8221;4.16&#8243; _module_preset=&#8221;default&#8221; global_colors_info=&#8221;{}&#8221;][et_pb_text _builder_version=&#8221;4.23&#8243; text_font=&#8221;Abhaya Libre||||||||&#8221; header_font=&#8221;Abhaya Libre||||||||&#8221; header_text_align=&#8221;center&#8221; header_2_font=&#8221;Abhaya Libre|600|||||||&#8221; header_2_text_align=&#8221;left&#8221; header_2_font_size=&#8221;60px&#8221; header_2_line_height=&#8221;1.2em&#8221; text_orientation=&#8221;center&#8221; custom_padding=&#8221;||0px|||&#8221; header_2_font_size_tablet=&#8221;42px&#8221; header_2_font_size_phone=&#8221;24px&#8221; header_2_font_size_last_edited=&#8221;on|phone&#8221; header_2_line_height_tablet=&#8221;&#8221; header_2_line_height_phone=&#8221;1.4em&#8221; header_2_line_height_last_edited=&#8221;on|phone&#8221; global_colors_info=&#8221;{}&#8221;]<\/p>\n<h2>Regulatorne usluge<\/h2>\n<p>[\/et_pb_text][\/et_pb_column][\/et_pb_row][\/et_pb_section][et_pb_section fb_built=&#8221;1&#8243; fullwidth=&#8221;on&#8221; _builder_version=&#8221;4.23&#8243; _module_preset=&#8221;default&#8221; global_colors_info=&#8221;{}&#8221;][et_pb_fullwidth_slider use_bg_overlay=&#8221;off&#8221; _builder_version=&#8221;4.27.4&#8243; _module_preset=&#8221;default&#8221; header_font=&#8221;Abhaya Libre||||||||&#8221; body_font=&#8221;Abhaya Libre||||||||&#8221; background_image=&#8221;https:\/\/www.rockkistrica.hr\/wp-content\/uploads\/2024\/01\/laboratory-6515519_1280.jpg&#8221; custom_button=&#8221;on&#8221; button_bg_color=&#8221;#636363&#8243; button_border_width=&#8221;0px&#8221; button_border_color=&#8221;#000000&#8243; button_border_radius=&#8221;20px&#8221; button_font=&#8221;Abhaya Libre||||||||&#8221; button_icon=&#8221;&#xf4d8;||fa||900&#8243; hover_enabled=&#8221;0&#8243; global_colors_info=&#8221;{}&#8221; sticky_enabled=&#8221;0&#8243;][et_pb_slide heading=&#8221;Plasiranje opasne kemikalije na tr\u017ei\u0161te&#8221; _builder_version=&#8221;4.27.4&#8243; _module_preset=&#8221;default&#8221; header_font=&#8221;Abhaya Libre||||||||&#8221; header_text_color=&#8221;#FFFFFF&#8221; hover_enabled=&#8221;0&#8243; global_colors_info=&#8221;{}&#8221; sticky_transition=&#8221;on&#8221; sticky_enabled=&#8221;0&#8243;]<\/p>\n<h3>Savjetujem te vezano uz plasiranje eteri\u010dnih ulja, repelenata, osvje\u017eiva\u010da prostora, mirisnih svije\u0107a i sli\u010dno na tr\u017ei\u0161te. Od proizvodnje\/nabave do deklaracije.<\/h3>\n<p>Bez stresa i nervoze.<\/p>\n<p>Ne brini o pravilima, bavi se zabavnim stvarima kao dizajn etikete, izbor ambala\u017ee i marketing.<\/p>\n<p>[\/et_pb_slide][\/et_pb_fullwidth_slider][\/et_pb_section][et_pb_section fb_built=&#8221;1&#8243; _builder_version=&#8221;4.27.4&#8243; _module_preset=&#8221;default&#8221; custom_margin=&#8221;-29px||-6px|||&#8221; custom_padding=&#8221;24px|||||&#8221; global_colors_info=&#8221;{}&#8221;][et_pb_row _builder_version=&#8221;4.23&#8243; _module_preset=&#8221;default&#8221; hover_enabled=&#8221;0&#8243; global_colors_info=&#8221;{}&#8221; sticky_enabled=&#8221;0&#8243;][et_pb_column type=&#8221;4_4&#8243; _builder_version=&#8221;4.23&#8243; _module_preset=&#8221;default&#8221; global_colors_info=&#8221;{}&#8221;][et_pb_text _builder_version=&#8221;4.27.4&#8243; text_font=&#8221;Abhaya Libre||||||||&#8221; text_font_size=&#8221;21px&#8221; width=&#8221;100%&#8221; max_width=&#8221;100%&#8221; custom_margin=&#8221;|20px||||&#8221; custom_padding=&#8221;0px|||||&#8221; hover_enabled=&#8221;0&#8243; global_colors_info=&#8221;{}&#8221; sticky_enabled=&#8221;0&#8243;]<\/p>\n<h3 style=\"text-align: left;\">\u00a0 \u00a0Savjetujem te i educiram vezano uz stavljanje opasne kemikalije na tr\u017ei\u0161te.<\/h3>\n<p>&nbsp;<\/p>\n<p>Zna\u0161 li da eteri\u010dno ulje, repelent ili osvje\u017eiva\u010d prostora mora slijediti pravila za opasnu kemikaliju?<\/p>\n<p>\u00a0Savjetujem te od proizvodnje\/nabave do deklaracije.<\/p>\n<p>Vodim te i savjetujem kroz cijeli proces, \u0161to uklju\u010duje:<\/p>\n<ul>\n<li>Uvjeti za proizvodni prostor<\/li>\n<li>Uvjeti i edukacije zaposlenih u proizvodnji<\/li>\n<li>Potrebne i propisane analize &#8211; kontrola kvalitete<\/li>\n<li>Potrebna dokumentacija<\/li>\n<\/ul>\n<p><strong>Za\u0161to za eteri\u010dna ulja vrijede pravila za <\/strong><strong>opasne kemikalije?<\/strong><\/p>\n<p>Eteri\u010dna ulja su smjesa (iako se izra\u0111uje STL za tvar) sastavnica koje nose odre\u0111ene kategorije opasnosti. A opasne kemikalije u smislu Zakona su tvari i smjese koje ispunjavaju kriterije za fizikalne opasnosti, opasnosti za zdravlje ili okoli\u0161 utvr\u0111ene Uredbom (EZ) br. 1272\/2008, krovnom Uredbom Europske zajednice za razvrstavanje, ozna\u010divanje i pakiranje kemikalija (CLP Uredba &#8211; Classification, labelling, packaging).<\/p>\n<p><strong>Usluge uklju\u010duju:<\/strong><\/p>\n<p>1. Savjetovanje<\/p>\n<p>2. Izrada potrebne dokumentacije:<br \/>&#8211; Sigurnosno-tehni\u010dki list (STL, engl. MSDS) sukladno uvjetima<br \/>Uredbe (EZ) br. 1907\/2006 (REACH), odnosno Uredbom (EU) 2015\/830<br \/>&#8211; deklaracija<br \/>&#8211; CoA (engl. Certificate of analysis)<\/p>\n<p>3. Dostava izra\u0111enog STL-a Slu\u017ebi za toksikologiju HZJZ na pregled radi prihva\u0107anja u Registar kemikalija, te komunikacija sa Slu\u017ebom<\/p>\n<p>4. Izrada dosjea i predaja podneska Centrima za otrovanja &#8211; PCN (Poison Notification Centres), te generiranje UFI broja<\/p>\n<p>5. DODATNO: Izrada Eleborata dobre proizvo\u0111a\u010dke prakse (DPP), prema normi HRN EN ISO 22716<\/p>\n<p>&nbsp;<\/p>\n<p>Javi mi se s povjerenjem.<\/p>\n<p><span style=\"color: #339966;\"><strong><a style=\"color: #339966;\" href=\"mailto:sandra@rockkistrica.hr\">sandra@rockkistrica.hr<\/a><\/strong><\/span><\/p>\n<p>Sandra Rok, mag.ing. fitomedicine, fitoterapeutkinja<\/p>\n<p>&nbsp;<\/p>\n<p>[\/et_pb_text][\/et_pb_column][\/et_pb_row][et_pb_row _builder_version=&#8221;4.23&#8243; background_color=&#8221;#FFFFFF&#8221; background_enable_image=&#8221;off&#8221; background_position=&#8221;top_center&#8221; background_blend=&#8221;hard-light&#8221; custom_padding=&#8221;0px||0px||false|false&#8221; global_colors_info=&#8221;{}&#8221;][et_pb_column type=&#8221;4_4&#8243; _builder_version=&#8221;4.16&#8243; custom_padding=&#8221;|16%||16%|false|true&#8221; custom_padding_tablet=&#8221;|10%||10%|false|true&#8221; custom_padding_phone=&#8221;||||false|true&#8221; custom_padding_last_edited=&#8221;on|desktop&#8221; global_colors_info=&#8221;{}&#8221;][et_pb_social_media_follow icon_color=&#8221;#ffffff&#8221; use_icon_font_size=&#8221;on&#8221; icon_font_size=&#8221;26px&#8221; _builder_version=&#8221;4.16&#8243; _module_preset=&#8221;default&#8221; background_color=&#8221;#ffffff&#8221; custom_button=&#8221;on&#8221; text_orientation=&#8221;center&#8221; max_width=&#8221;60%&#8221; min_height=&#8221;272px&#8221; custom_margin=&#8221;6px|||-23.5%|false|false&#8221; custom_margin_tablet=&#8221;|||0%|false|false&#8221; custom_margin_phone=&#8221;||||false|false&#8221; custom_margin_last_edited=&#8221;on|phone&#8221; custom_padding=&#8221;112px||0px||false|false&#8221; global_colors_info=&#8221;{}&#8221;][et_pb_social_media_follow_network social_network=&#8221;facebook&#8221; url=&#8221;https:\/\/www.facebook.com\/rockkistricabilja&#8221; _builder_version=&#8221;4.16&#8243; _module_preset=&#8221;default&#8221; background_color=&#8221;#3b5998&#8243; global_colors_info=&#8221;{}&#8221; follow_button=&#8221;off&#8221; url_new_window=&#8221;on&#8221;]facebook[\/et_pb_social_media_follow_network][et_pb_social_media_follow_network social_network=&#8221;instagram&#8221; url=&#8221;https:\/\/www.instagram.com\/explore\/tags\/rockkistricabilja\/?hl=hr&#8221; _builder_version=&#8221;4.16&#8243; _module_preset=&#8221;default&#8221; background_color=&#8221;#ea2c59&#8243; global_colors_info=&#8221;{}&#8221; follow_button=&#8221;off&#8221; url_new_window=&#8221;on&#8221;]instagram[\/et_pb_social_media_follow_network][\/et_pb_social_media_follow][\/et_pb_column][\/et_pb_row][\/et_pb_section][et_pb_section fb_built=&#8221;1&#8243; admin_label=&#8221;Footer Section&#8221; module_id=&#8221;kontakt&#8221; _builder_version=&#8221;4.27.4&#8243; background_color=&#8221;#f7f7f7&#8243; min_height=&#8221;482.4px&#8221; custom_margin=&#8221;-42px|||||&#8221; custom_padding=&#8221;0px||24px|||&#8221; hover_enabled=&#8221;0&#8243; locked=&#8221;off&#8221; global_colors_info=&#8221;{}&#8221; sticky_enabled=&#8221;0&#8243;][et_pb_row _builder_version=&#8221;4.27.4&#8243; _module_preset=&#8221;default&#8221; custom_padding=&#8221;0px|||||&#8221; global_colors_info=&#8221;{}&#8221;][et_pb_column type=&#8221;4_4&#8243; _builder_version=&#8221;4.16&#8243; _module_preset=&#8221;default&#8221; global_colors_info=&#8221;{}&#8221;][et_pb_text _builder_version=&#8221;4.23&#8243; header_font=&#8221;Abhaya Libre||||||||&#8221; header_2_font=&#8221;Abhaya Libre|600|||||||&#8221; header_2_font_size=&#8221;60px&#8221; header_2_line_height=&#8221;1.2em&#8221; header_2_font_size_tablet=&#8221;42px&#8221; header_2_font_size_phone=&#8221;24px&#8221; header_2_font_size_last_edited=&#8221;on|phone&#8221; header_2_line_height_tablet=&#8221;&#8221; header_2_line_height_phone=&#8221;1.4em&#8221; header_2_line_height_last_edited=&#8221;on|phone&#8221; locked=&#8221;off&#8221; global_colors_info=&#8221;{}&#8221;]<\/p>\n<h2>Kontakt<\/h2>\n<p>[\/et_pb_text][\/et_pb_column][\/et_pb_row][et_pb_row column_structure=&#8221;1_3,2_3&#8243; admin_label=&#8221;Footer Area&#8221; _builder_version=&#8221;4.23&#8243; global_colors_info=&#8221;{}&#8221;][et_pb_column type=&#8221;1_3&#8243; _builder_version=&#8221;4.16&#8243; custom_padding=&#8221;|||&#8221; global_colors_info=&#8221;{}&#8221; custom_padding__hover=&#8221;|||&#8221;][et_pb_blurb title=&#8221;Email&#8221; admin_label=&#8221;Address&#8221; _builder_version=&#8221;4.23&#8243; header_font=&#8221;Abhaya Libre|600|||||||&#8221; header_font_size=&#8221;16px&#8221; header_line_height=&#8221;1.8em&#8221; body_font=&#8221;Abhaya Libre||||||||&#8221; body_font_size=&#8221;16px&#8221; body_line_height=&#8221;1.8em&#8221; custom_padding=&#8221;||4px|||&#8221; animation_style=&#8221;fold&#8221; animation_direction=&#8221;left&#8221; animation_intensity_fold=&#8221;20%&#8221; animation_starting_opacity=&#8221;100%&#8221; global_colors_info=&#8221;{}&#8221;]sandra@rockkistrica.hr<br \/>\n[\/et_pb_blurb][\/et_pb_column][et_pb_column type=&#8221;2_3&#8243; _builder_version=&#8221;4.16&#8243; custom_padding=&#8221;|||&#8221; hover_enabled=&#8221;0&#8243; global_colors_info=&#8221;{}&#8221; custom_padding__hover=&#8221;|||&#8221; sticky_enabled=&#8221;0&#8243;][et_pb_contact_form captcha=&#8221;off&#8221; email=&#8221;info@rockkistrica.hr&#8221; submit_button_text=&#8221;Po\u0161alji poruku&#8221; module_id=&#8221;et_pb_contact_form_0&#8243; _builder_version=&#8221;4.27.4&#8243; _unique_id=&#8221;7d0ae279-11f8-4416-97b2-760ceda69c50&#8243; form_field_background_color=&#8221;rgba(255,255,255,0)&#8221; title_font=&#8221;Abhaya Libre||||||||&#8221; title_font_size=&#8221;36px&#8221; captcha_font=&#8221;Abhaya Libre||||||||&#8221; form_field_font=&#8221;Abhaya Libre||||||||&#8221; form_field_font_size=&#8221;16px&#8221; custom_button=&#8221;on&#8221; button_text_size=&#8221;14px&#8221; button_text_color=&#8221;#000000&#8243; button_bg_color=&#8221;#FFFFFF&#8221; button_border_width=&#8221;1px&#8221; button_border_color=&#8221;#000000&#8243; button_border_radius=&#8221;40px&#8221; button_letter_spacing=&#8221;2px&#8221; button_font=&#8221;Abhaya Libre|500|||||||&#8221; button_icon=&#8221;&#xf4d8;||fa||900&#8243; animation_style=&#8221;fade&#8221; hover_enabled=&#8221;0&#8243; border_width_all=&#8221;1px&#8221; border_color_all=&#8221;rgba(0,0,0,0.12)&#8221; form_background_color=&#8221;rgba(255,255,255,0)&#8221; global_colors_info=&#8221;{}&#8221; button_bg_enable_color=&#8221;on&#8221; sticky_enabled=&#8221;0&#8243;][et_pb_contact_field field_id=&#8221;Ime&#8221; field_title=&#8221;Ime&#8221; _builder_version=&#8221;4.27.4&#8243; form_field_font=&#8221;||||||||&#8221; hover_enabled=&#8221;0&#8243; global_colors_info=&#8221;{}&#8221; button_text_size__hover_enabled=&#8221;off&#8221; button_one_text_size__hover_enabled=&#8221;off&#8221; button_two_text_size__hover_enabled=&#8221;off&#8221; button_text_color__hover_enabled=&#8221;off&#8221; button_one_text_color__hover_enabled=&#8221;off&#8221; button_two_text_color__hover_enabled=&#8221;off&#8221; button_border_width__hover_enabled=&#8221;off&#8221; button_one_border_width__hover_enabled=&#8221;off&#8221; button_two_border_width__hover_enabled=&#8221;off&#8221; button_border_color__hover_enabled=&#8221;off&#8221; button_one_border_color__hover_enabled=&#8221;off&#8221; button_two_border_color__hover_enabled=&#8221;off&#8221; button_border_radius__hover_enabled=&#8221;off&#8221; button_one_border_radius__hover_enabled=&#8221;off&#8221; button_two_border_radius__hover_enabled=&#8221;off&#8221; button_letter_spacing__hover_enabled=&#8221;off&#8221; button_one_letter_spacing__hover_enabled=&#8221;off&#8221; button_two_letter_spacing__hover_enabled=&#8221;off&#8221; button_bg_color__hover_enabled=&#8221;off&#8221; button_one_bg_color__hover_enabled=&#8221;off&#8221; button_two_bg_color__hover_enabled=&#8221;off&#8221; sticky_enabled=&#8221;0&#8243;][\/et_pb_contact_field][et_pb_contact_field field_id=&#8221;Email&#8221; field_title=&#8221;Email &#8221; field_type=&#8221;email&#8221; _builder_version=&#8221;4.27.4&#8243; form_field_font=&#8221;Abhaya Libre||||||||&#8221; hover_enabled=&#8221;0&#8243; global_colors_info=&#8221;{}&#8221; button_text_size__hover_enabled=&#8221;off&#8221; button_one_text_size__hover_enabled=&#8221;off&#8221; button_two_text_size__hover_enabled=&#8221;off&#8221; button_text_color__hover_enabled=&#8221;off&#8221; button_one_text_color__hover_enabled=&#8221;off&#8221; button_two_text_color__hover_enabled=&#8221;off&#8221; button_border_width__hover_enabled=&#8221;off&#8221; button_one_border_width__hover_enabled=&#8221;off&#8221; button_two_border_width__hover_enabled=&#8221;off&#8221; button_border_color__hover_enabled=&#8221;off&#8221; button_one_border_color__hover_enabled=&#8221;off&#8221; button_two_border_color__hover_enabled=&#8221;off&#8221; button_border_radius__hover_enabled=&#8221;off&#8221; button_one_border_radius__hover_enabled=&#8221;off&#8221; button_two_border_radius__hover_enabled=&#8221;off&#8221; button_letter_spacing__hover_enabled=&#8221;off&#8221; button_one_letter_spacing__hover_enabled=&#8221;off&#8221; button_two_letter_spacing__hover_enabled=&#8221;off&#8221; button_bg_color__hover_enabled=&#8221;off&#8221; button_one_bg_color__hover_enabled=&#8221;off&#8221; button_two_bg_color__hover_enabled=&#8221;off&#8221; sticky_enabled=&#8221;0&#8243;][\/et_pb_contact_field][et_pb_contact_field field_id=&#8221;Poruka&#8221; field_title=&#8221;Poruka&#8221; field_type=&#8221;text&#8221; fullwidth_field=&#8221;on&#8221; _builder_version=&#8221;4.27.4&#8243; hover_enabled=&#8221;0&#8243; global_colors_info=&#8221;{}&#8221; button_text_size__hover_enabled=&#8221;off&#8221; button_one_text_size__hover_enabled=&#8221;off&#8221; button_two_text_size__hover_enabled=&#8221;off&#8221; button_text_color__hover_enabled=&#8221;off&#8221; button_one_text_color__hover_enabled=&#8221;off&#8221; button_two_text_color__hover_enabled=&#8221;off&#8221; button_border_width__hover_enabled=&#8221;off&#8221; button_one_border_width__hover_enabled=&#8221;off&#8221; button_two_border_width__hover_enabled=&#8221;off&#8221; button_border_color__hover_enabled=&#8221;off&#8221; button_one_border_color__hover_enabled=&#8221;off&#8221; button_two_border_color__hover_enabled=&#8221;off&#8221; button_border_radius__hover_enabled=&#8221;off&#8221; button_one_border_radius__hover_enabled=&#8221;off&#8221; button_two_border_radius__hover_enabled=&#8221;off&#8221; button_letter_spacing__hover_enabled=&#8221;off&#8221; button_one_letter_spacing__hover_enabled=&#8221;off&#8221; button_two_letter_spacing__hover_enabled=&#8221;off&#8221; button_bg_color__hover_enabled=&#8221;off&#8221; button_one_bg_color__hover_enabled=&#8221;off&#8221; button_two_bg_color__hover_enabled=&#8221;off&#8221; sticky_enabled=&#8221;0&#8243;][\/et_pb_contact_field][\/et_pb_contact_form][\/et_pb_column][\/et_pb_row][\/et_pb_section]<\/p>\n","protected":false},"excerpt":{"rendered":"<p>Regulatorne usluge Savjetujem te vezano uz plasiranje eteri\u010dnih ulja, repelenata, osvje\u017eiva\u010da prostora, mirisnih svije\u0107a i sli\u010dno na tr\u017ei\u0161te. Od proizvodnje\/nabave do deklaracije. Bez stresa i nervoze. Ne brini o pravilima, bavi se zabavnim stvarima kao dizajn etikete, izbor ambala\u017ee i marketing.\u00a0 \u00a0Savjetujem te i educiram vezano uz stavljanje opasne kemikalije na tr\u017ei\u0161te. &nbsp; Zna\u0161 li [&hellip;]<\/p>\n","protected":false},"author":1,"featured_media":0,"parent":0,"menu_order":0,"comment_status":"closed","ping_status":"closed","template":"","meta":{"_et_pb_use_builder":"on","_et_pb_old_content":"","_et_gb_content_width":"","footnotes":""},"class_list":["post-181","page","type-page","status-publish","hentry"],"_links":{"self":[{"href":"https:\/\/www.rockkistrica.hr\/pocetna-stranica\/wp-json\/wp\/v2\/pages\/181","targetHints":{"allow":["GET"]}}],"collection":[{"href":"https:\/\/www.rockkistrica.hr\/pocetna-stranica\/wp-json\/wp\/v2\/pages"}],"about":[{"href":"https:\/\/www.rockkistrica.hr\/pocetna-stranica\/wp-json\/wp\/v2\/types\/page"}],"author":[{"embeddable":true,"href":"https:\/\/www.rockkistrica.hr\/pocetna-stranica\/wp-json\/wp\/v2\/users\/1"}],"replies":[{"embeddable":true,"href":"https:\/\/www.rockkistrica.hr\/pocetna-stranica\/wp-json\/wp\/v2\/comments?post=181"}],"version-history":[{"count":48,"href":"https:\/\/www.rockkistrica.hr\/pocetna-stranica\/wp-json\/wp\/v2\/pages\/181\/revisions"}],"predecessor-version":[{"id":2090,"href":"https:\/\/www.rockkistrica.hr\/pocetna-stranica\/wp-json\/wp\/v2\/pages\/181\/revisions\/2090"}],"wp:attachment":[{"href":"https:\/\/www.rockkistrica.hr\/pocetna-stranica\/wp-json\/wp\/v2\/media?parent=181"}],"curies":[{"name":"wp","href":"https:\/\/api.w.org\/{rel}","templated":true}]}}