{"id":5,"date":"2020-09-16T10:37:42","date_gmt":"2020-09-16T10:37:42","guid":{"rendered":"https:\/\/www.rockkistrica.hr\/?page_id=5"},"modified":"2026-03-19T12:54:11","modified_gmt":"2026-03-19T11:54:11","slug":"naslovna","status":"publish","type":"page","link":"https:\/\/www.rockkistrica.hr\/pocetna-stranica\/","title":{"rendered":"Naslovna"},"content":{"rendered":"<p>[et_pb_section fb_built=&#8221;1&#8243; next_background_color=&#8221;#ffffff&#8221; admin_label=&#8221;Header&#8221; module_id=&#8221;pocetna&#8221; _builder_version=&#8221;4.23&#8243; background_color=&#8221;RGBA(0,0,0,0)&#8221; use_background_color_gradient=&#8221;on&#8221; background_color_gradient_direction=&#8221;181deg&#8221; background_color_gradient_stops=&#8221;rgba(0,0,0,0.33) 35%|rgba(212,212,212,0.61) 100%&#8221; background_color_gradient_overlays_image=&#8221;on&#8221; background_color_gradient_start=&#8221;#ffffff&#8221; background_color_gradient_end=&#8221;rgba(142,142,142,0)&#8221; background_enable_image=&#8221;off&#8221; parallax=&#8221;on&#8221; transform_scale=&#8221;122%|122%&#8221; transform_translate=&#8221;-15px|19px&#8221; z_index=&#8221;1&#8243; custom_margin=&#8221;-168px||59px||false|false&#8221; custom_padding=&#8221;12px||12px||true|false&#8221; top_divider_color=&#8221;#e09900&#8243; top_divider_height=&#8221;190px&#8221; top_divider_repeat=&#8221;8x&#8221; bottom_divider_style=&#8221;curve2&#8243; animation_style=&#8221;slide&#8221; box_shadow_style=&#8221;preset7&#8243; box_shadow_horizontal=&#8221;0px&#8221; box_shadow_vertical=&#8221;-6vw&#8221; box_shadow_color=&#8221;#ffffff&#8221; global_colors_info=&#8221;{}&#8221;][et_pb_row use_custom_gutter=&#8221;on&#8221; _builder_version=&#8221;4.27.4&#8243; _module_preset=&#8221;default&#8221; width=&#8221;100%&#8221; max_width=&#8221;100%&#8221; global_colors_info=&#8221;{}&#8221;][et_pb_column type=&#8221;4_4&#8243; _builder_version=&#8221;4.23&#8243; _module_preset=&#8221;default&#8221; background_enable_image=&#8221;off&#8221; background_size=&#8221;contain&#8221; global_colors_info=&#8221;{}&#8221;][\/et_pb_column][\/et_pb_row][\/et_pb_section][et_pb_section fb_built=&#8221;1&#8243; fullwidth=&#8221;on&#8221; _builder_version=&#8221;4.27.4&#8243; _module_preset=&#8221;default&#8221; global_colors_info=&#8221;{}&#8221;][et_pb_fullwidth_header title=&#8221;Ako \u017eeli\u0161 vi\u0161e vremena za svoje poslovanje&#8221; button_one_text=&#8221;saznaj kako ti mogu pomo\u0107i&#8221; button_one_url=&#8221;https:\/\/www.rockkistrica.hr\/pocetna-stranica\/regulatorne-usluge\/&#8221; _builder_version=&#8221;4.27.4&#8243; _module_preset=&#8221;default&#8221; title_font=&#8221;Abhaya Libre||||||||&#8221; title_text_color=&#8221;#127182&#8243; title_font_size=&#8221;38px&#8221; content_font=&#8221;Abhaya Libre||||||||&#8221; content_text_color=&#8221;#127182&#8243; content_font_size=&#8221;21px&#8221; subhead_font=&#8221;Abhaya Libre||||||||&#8221; subhead_text_color=&#8221;#127182&#8243; background_color=&#8221;#FFFFFF&#8221; background_image=&#8221;https:\/\/www.rockkistrica.hr\/wp-content\/uploads\/2025\/12\/Dizajn-bez-naslova-14.png&#8221; custom_button_one=&#8221;on&#8221; button_one_text_color=&#8221;#FFFFFF&#8221; button_one_bg_color=&#8221;#127182&#8243; button_one_border_width=&#8221;0px&#8221; button_one_border_radius=&#8221;65px&#8221; button_one_font=&#8221;Abhaya Libre||||||||&#8221; button_one_icon=&#8221;&#xf55c;||fa||900&#8243; child_mix_blend_mode=&#8221;screen&#8221; global_colors_info=&#8221;{}&#8221;]<\/p>\n<p><strong>Prepusti dokumentaciju meni.<\/strong><\/p>\n<p>Savjetujem te kako da postavi\u0161 temelje poslovanja s kemikalijama<\/p>\n<p>i nudim ti izradu i vo\u0111enje dokumentacije.<\/p>\n<p>[\/et_pb_fullwidth_header][\/et_pb_section][et_pb_section fb_built=&#8221;1&#8243; _builder_version=&#8221;4.27.4&#8243; _module_preset=&#8221;default&#8221; global_colors_info=&#8221;{}&#8221;][et_pb_row column_structure=&#8221;3_5,2_5&#8243; _builder_version=&#8221;4.27.4&#8243; _module_preset=&#8221;default&#8221; global_colors_info=&#8221;{}&#8221;][et_pb_column type=&#8221;3_5&#8243; _builder_version=&#8221;4.27.4&#8243; _module_preset=&#8221;default&#8221; global_colors_info=&#8221;{}&#8221;][et_pb_text _builder_version=&#8221;4.27.4&#8243; _module_preset=&#8221;default&#8221; text_font=&#8221;Abhaya Libre||||||||&#8221; text_font_size=&#8221;17px&#8221; global_colors_info=&#8221;{}&#8221;]<\/p>\n<p>Savjetujem te vezano uz plasiranje opasne kemikalije na tr\u017ei\u0161te. Izra\u0111ujem dokumentaciju prema va\u017ee\u010doj regulativi.<\/p>\n<p>Posebno sam specijalizirana za savjetovanje i izradu dokumentacije za:<\/p>\n<p>&#8211; eteri\u010dna ulja<\/p>\n<p>&#8211; blendove eteri\u010dnih ulja<\/p>\n<p>&#8211; osvje\u017eiva\u010de prostora<\/p>\n<p>&#8211; mirisne svije\u0107e<\/p>\n<p>&#8211; mirisne komponente i parfeme<\/p>\n<p>[\/et_pb_text][\/et_pb_column][et_pb_column type=&#8221;2_5&#8243; _builder_version=&#8221;4.27.4&#8243; _module_preset=&#8221;default&#8221; global_colors_info=&#8221;{}&#8221;][et_pb_image src=&#8221;https:\/\/www.rockkistrica.hr\/wp-content\/uploads\/2026\/03\/SandraIII__-scaled.jpg&#8221; title_text=&#8221;SandraIII__&#8221; align=&#8221;center&#8221; _builder_version=&#8221;4.27.4&#8243; _module_preset=&#8221;default&#8221; width=&#8221;36%&#8221; max_width=&#8221;99%&#8221; min_height=&#8221;100px&#8221; border_radii=&#8221;on|328px|328px|328px|328px&#8221; global_colors_info=&#8221;{}&#8221;][\/et_pb_image][et_pb_text _builder_version=&#8221;4.27.4&#8243; _module_preset=&#8221;default&#8221; text_font=&#8221;Abhaya Libre||||||||&#8221; text_orientation=&#8221;center&#8221; global_colors_info=&#8221;{}&#8221;]<\/p>\n<p>Sandra Rok<\/p>\n<p>mag.ing.fitomedicine<\/p>\n<p>[\/et_pb_text][\/et_pb_column][\/et_pb_row][\/et_pb_section][et_pb_section fb_built=&#8221;1&#8243; admin_label=&#8221;Footer Section&#8221; module_id=&#8221;kontakt&#8221; _builder_version=&#8221;4.27.4&#8243; background_color=&#8221;#f7f7f7&#8243; custom_padding=&#8221;82px||139px|||&#8221; locked=&#8221;off&#8221; global_colors_info=&#8221;{}&#8221;][et_pb_row column_structure=&#8221;1_3,2_3&#8243; _builder_version=&#8221;4.27.4&#8243; _module_preset=&#8221;default&#8221; global_colors_info=&#8221;{}&#8221;][et_pb_column type=&#8221;1_3&#8243; _builder_version=&#8221;4.27.4&#8243; _module_preset=&#8221;default&#8221; global_colors_info=&#8221;{}&#8221;][et_pb_image src=&#8221;https:\/\/www.rockkistrica.hr\/wp-content\/uploads\/2026\/03\/Dizajn-bez-naslova-2026-03-18T122541.108.png&#8221; title_text=&#8221;Dizajn bez naslova &#8211; 2026-03-18T122541.108&#8243; _builder_version=&#8221;4.27.4&#8243; _module_preset=&#8221;default&#8221; global_colors_info=&#8221;{}&#8221;][\/et_pb_image][\/et_pb_column][et_pb_column type=&#8221;2_3&#8243; _builder_version=&#8221;4.27.4&#8243; _module_preset=&#8221;default&#8221; global_colors_info=&#8221;{}&#8221;][et_pb_text _builder_version=&#8221;4.27.4&#8243; _module_preset=&#8221;default&#8221; text_font=&#8221;Abhaya Libre||||||||&#8221; text_font_size=&#8221;17px&#8221; global_colors_info=&#8221;{}&#8221;]<\/p>\n<p>Planira\u0161 poslovanje. Ukalkulira\u0161 nabavu, proizvodnju, ambala\u017eu, etikete, marketing\u2026Ali da li kalkulira\u0161 tro\u0161kove vezane uz kemikaliju?<\/p>\n<p>Ne daj da te iznenade pravila koja mora\u0161 ispuniti prije nego krene\u0161. U procesu bi se moglo desiti da ne\u0161to iskrsne.<\/p>\n<p>Informiraj se da zna\u0161 koje uvjete mora\u0161 ispuniti i koji bi tro\u0161ak to moglo donijeti. Jer kada zna\u0161 sve parametre, tek tada mo\u017ee\u0161 planirati poslovanje.<\/p>\n<p>Educiraj se da zna\u0161 \u010dime raspola\u017ee\u0161 i kojim smjerom \u0107e\u0161 i\u0107i.<\/p>\n<p>Kada ima\u0161 sve informacije, mo\u017ee\u0161 odlu\u010diti koje korake \u0107e\u0161 poduzeti i kada \u0107e\u0161 ih poduzeti. \u0160to dovodi do ispravnije i to\u010dnije kalkulacije tro\u0161ka i cijene proizvoda koji planira\u0161 plasirati na tr\u017ei\u0161te.<\/p>\n<p>[\/et_pb_text][\/et_pb_column][\/et_pb_row][\/et_pb_section][et_pb_section fb_built=&#8221;1&#8243; _builder_version=&#8221;4.27.4&#8243; _module_preset=&#8221;default&#8221; global_colors_info=&#8221;{}&#8221;][et_pb_row column_structure=&#8221;2_3,1_3&#8243; _builder_version=&#8221;4.27.4&#8243; _module_preset=&#8221;default&#8221; global_colors_info=&#8221;{}&#8221;][et_pb_column type=&#8221;2_3&#8243; _builder_version=&#8221;4.27.4&#8243; _module_preset=&#8221;default&#8221; global_colors_info=&#8221;{}&#8221;][et_pb_text _builder_version=&#8221;4.27.4&#8243; _module_preset=&#8221;default&#8221; text_font=&#8221;Abhaya Libre||||||||&#8221; text_font_size=&#8221;17px&#8221; global_colors_info=&#8221;{}&#8221;]<\/p>\n<h3><strong>\u0160to je opasna kemikalija?<\/strong><\/h3>\n<p>Opasne kemikalije su tvari i smjese koje ispunjavaju kriterije za fizikalne opasnosti, opasnosti za zdravlje ili okoli\u0161 utvr\u0111ene u 2. \u2013 5. dijelu Priloga I. Uredbe (EZ) br. 1272\/2008 (Uredba o razvrstavanju, ozna\u010divanju i pakiranju tvari i smjesa \u2013 CLP).<\/p>\n<p>&nbsp;<\/p>\n<h3><strong>\u0160to sve obuhva\u0107a proizvodnja?<\/strong><\/h3>\n<p>Izradu i doradu, oblikovanje, preradu, punjenje, pretakanje, mije\u0161anje kemikalija u me\u0111uproizvode i kona\u010dne proizvode, uz kemijske, fizikalne ili biolo\u0161ke procese i postupke te prijenos i me\u0111uskladi\u0161tenje unutar proizvodne lokacije.<\/p>\n<p>Proizvodnjom se smatra proizvodnja tvari i smjesa.<\/p>\n<p>&nbsp;<\/p>\n<h3><strong>Tko je proizvo\u0111a\u010d?<\/strong><\/h3>\n<p>Proizvo\u0111a\u010dem se smatra svaka pravna ili fizi\u010dka osoba koja kemikaliju proizvodi, dora\u0111uje, prepakirava te promijeni njezino ime za daljnje kori\u0161tenje (pod promjenom imena ne smatra se prevo\u0111enje nazivlja kemikalija na hrvatski jezik).<\/p>\n<p>&nbsp;<\/p>\n<h3><strong>\u0160to zna\u010di stavljanje na tr\u017ei\u0161te?<\/strong><\/h3>\n<p>Uvoz, unos, kupnja i prodaja kemikalije na malo i na veliko, te obavljanje posredovanja.<\/p>\n<p>Isporu\u010divanje, odnosno stavljanje na raspolaganje kemikalije tre\u0107oj osobi uz naknadu ili besplatno.<\/p>\n<p>Kori\u0161tenje, potro\u0161nja, skladi\u0161tenje, obrada ili bilo kakvo drugo rukovanje kemikalijama za vlastite potrebe i potrebe obavljanja djelatnosti.<\/p>\n<p>&nbsp;<\/p>\n<p>[\/et_pb_text][\/et_pb_column][et_pb_column type=&#8221;1_3&#8243; _builder_version=&#8221;4.27.4&#8243; _module_preset=&#8221;default&#8221; global_colors_info=&#8221;{}&#8221;][et_pb_image src=&#8221;https:\/\/www.rockkistrica.hr\/wp-content\/uploads\/2026\/03\/Dizajn-bez-naslova-2026-03-18T173550.124.png&#8221; title_text=&#8221;Dizajn bez naslova &#8211; 2026-03-18T173550.124&#8243; _builder_version=&#8221;4.27.4&#8243; _module_preset=&#8221;default&#8221; global_colors_info=&#8221;{}&#8221;][\/et_pb_image][et_pb_image src=&#8221;https:\/\/www.rockkistrica.hr\/wp-content\/uploads\/2026\/03\/Dizajn-bez-naslova-2026-03-18T172631.843.png&#8221; title_text=&#8221;Dizajn bez naslova &#8211; 2026-03-18T172631.843&#8243; _builder_version=&#8221;4.27.4&#8243; _module_preset=&#8221;default&#8221; global_colors_info=&#8221;{}&#8221;][\/et_pb_image][\/et_pb_column][\/et_pb_row][et_pb_row _builder_version=&#8221;4.27.4&#8243; _module_preset=&#8221;default&#8221; global_colors_info=&#8221;{}&#8221;][et_pb_column type=&#8221;4_4&#8243; _builder_version=&#8221;4.27.4&#8243; _module_preset=&#8221;default&#8221; global_colors_info=&#8221;{}&#8221;][et_pb_cta title=&#8221;FREE E BOOK&#8221; button_url=&#8221;https:\/\/drive.google.com\/file\/d\/1uk2VGVV7NKy-hu5zgvNe1Zlayq6xvO60\/view?usp=sharing&#8221; button_text=&#8221;Preuzmi&#8221; _builder_version=&#8221;4.27.4&#8243; _module_preset=&#8221;default&#8221; header_font=&#8221;Abhaya Libre||||||||&#8221; body_font=&#8221;Abhaya Libre||||||||&#8221; body_font_size=&#8221;18px&#8221; background_color=&#8221;#3e7c74&#8243; custom_button=&#8221;on&#8221; button_text_color=&#8221;#127182&#8243; button_bg_color=&#8221;#FFFFFF&#8221; button_border_radius=&#8221;26px&#8221; button_font=&#8221;Abhaya Libre||||||||&#8221; global_colors_info=&#8221;{}&#8221;]<\/p>\n<p>Pripremila sam ti informacije koje su ti potrebne ako planira\u0161 plasirati eteri\u010dna ulja na tr\u017ei\u0161te.<\/p>\n<p>Sve na jednom mjestu i u skladu s pravilima.<\/p>\n<p>[\/et_pb_cta][\/et_pb_column][\/et_pb_row][\/et_pb_section][et_pb_section fb_built=&#8221;1&#8243; admin_label=&#8221;Footer Section&#8221; module_id=&#8221;kontakt&#8221; _builder_version=&#8221;4.16&#8243; background_color=&#8221;#f7f7f7&#8243; custom_padding=&#8221;82px||139px|||&#8221; locked=&#8221;off&#8221; global_colors_info=&#8221;{}&#8221;][et_pb_row _builder_version=&#8221;4.16&#8243; _module_preset=&#8221;default&#8221; custom_padding=&#8221;49px|||||&#8221; global_colors_info=&#8221;{}&#8221;][et_pb_column type=&#8221;4_4&#8243; _builder_version=&#8221;4.16&#8243; _module_preset=&#8221;default&#8221; global_colors_info=&#8221;{}&#8221;][et_pb_text _builder_version=&#8221;4.22.1&#8243; header_2_font=&#8221;Abhaya Libre|600|||||||&#8221; header_2_font_size=&#8221;60px&#8221; header_2_line_height=&#8221;1.2em&#8221; header_2_font_size_tablet=&#8221;42px&#8221; header_2_font_size_phone=&#8221;24px&#8221; header_2_font_size_last_edited=&#8221;on|phone&#8221; header_2_line_height_tablet=&#8221;&#8221; header_2_line_height_phone=&#8221;1.4em&#8221; header_2_line_height_last_edited=&#8221;on|phone&#8221; locked=&#8221;off&#8221; global_colors_info=&#8221;{}&#8221;]<\/p>\n<h2>Kontakt<\/h2>\n<p>[\/et_pb_text][\/et_pb_column][\/et_pb_row][et_pb_row column_structure=&#8221;1_3,2_3&#8243; admin_label=&#8221;Footer Area&#8221; _builder_version=&#8221;4.16&#8243; global_colors_info=&#8221;{}&#8221;][et_pb_column type=&#8221;1_3&#8243; _builder_version=&#8221;4.16&#8243; custom_padding=&#8221;|||&#8221; global_colors_info=&#8221;{}&#8221; custom_padding__hover=&#8221;|||&#8221;][et_pb_blurb title=&#8221;Adresa&#8221; admin_label=&#8221;Address&#8221; _builder_version=&#8221;4.23&#8243; header_font=&#8221;Abhaya Libre|600|||||||&#8221; header_font_size=&#8221;16px&#8221; header_line_height=&#8221;1.8em&#8221; body_font=&#8221;Abhaya Libre||||||||&#8221; body_font_size=&#8221;16px&#8221; body_line_height=&#8221;1.8em&#8221; custom_padding=&#8221;||0px|||&#8221; animation_style=&#8221;fold&#8221; animation_direction=&#8221;left&#8221; animation_intensity_fold=&#8221;20%&#8221; animation_starting_opacity=&#8221;100%&#8221; global_colors_info=&#8221;{}&#8221;]<\/p>\n<p>Velika Mlaka<br \/>Ul. Dobri\u0161e Cesari\u0107a 13<\/p>\n<p>[\/et_pb_blurb][et_pb_blurb title=&#8221;Email&#8221; admin_label=&#8221;Address&#8221; _builder_version=&#8221;4.22.1&#8243; header_font=&#8221;Abhaya Libre|600|||||||&#8221; header_font_size=&#8221;16px&#8221; header_line_height=&#8221;1.8em&#8221; body_font=&#8221;Abhaya Libre||||||||&#8221; body_font_size=&#8221;16px&#8221; body_line_height=&#8221;1.8em&#8221; animation_style=&#8221;fold&#8221; animation_direction=&#8221;left&#8221; animation_intensity_fold=&#8221;20%&#8221; animation_starting_opacity=&#8221;100%&#8221; global_colors_info=&#8221;{}&#8221;]<\/p>\n<p>sandra@rockkistrica.hr<\/p>\n<p>[\/et_pb_blurb][\/et_pb_column][et_pb_column type=&#8221;2_3&#8243; _builder_version=&#8221;4.16&#8243; custom_padding=&#8221;|||&#8221; global_colors_info=&#8221;{}&#8221; custom_padding__hover=&#8221;|||&#8221;][et_pb_contact_form captcha=&#8221;off&#8221; email=&#8221;info@rockkistrica.hr&#8221; title=&#8221;Pi\u0161ite mi&#8221; submit_button_text=&#8221;Po\u0161alji poruku&#8221; module_id=&#8221;et_pb_contact_form_0&#8243; _builder_version=&#8221;4.27.4&#8243; _unique_id=&#8221;c3c341e1-4e2a-4320-91a3-20ea4fc52a3e&#8221; form_field_background_color=&#8221;rgba(255,255,255,0)&#8221; title_level=&#8221;h3&#8243; title_font=&#8221;Abhaya Libre||||||||&#8221; title_font_size=&#8221;36px&#8221; form_field_font=&#8221;Abhaya Libre||||||||&#8221; form_field_font_size=&#8221;16px&#8221; custom_button=&#8221;on&#8221; button_text_size=&#8221;14px&#8221; button_text_color=&#8221;#FFFFFF&#8221; button_bg_color=&#8221;#60959b&#8221; button_border_width=&#8221;0px&#8221; button_border_color=&#8221;#afe0c2&#8243; button_border_radius=&#8221;30px&#8221; button_letter_spacing=&#8221;2px&#8221; button_font=&#8221;Abhaya Libre|600||on|||||&#8221; button_use_icon=&#8221;off&#8221; custom_padding=&#8221;4px|||||&#8221; animation_style=&#8221;fade&#8221; hover_enabled=&#8221;0&#8243; border_width_all=&#8221;1px&#8221; border_color_all=&#8221;rgba(0,0,0,0.12)&#8221; form_background_color=&#8221;rgba(255,255,255,0)&#8221; global_colors_info=&#8221;{}&#8221; sticky_enabled=&#8221;0&#8243;][et_pb_contact_field field_id=&#8221;Name&#8221; field_title=&#8221;Ime&#8221; _builder_version=&#8221;4.27.4&#8243; form_field_font=&#8221;Abhaya Libre||||||||&#8221; hover_enabled=&#8221;0&#8243; global_colors_info=&#8221;{}&#8221; button_text_size__hover_enabled=&#8221;off&#8221; button_one_text_size__hover_enabled=&#8221;off&#8221; button_two_text_size__hover_enabled=&#8221;off&#8221; button_text_color__hover_enabled=&#8221;off&#8221; button_one_text_color__hover_enabled=&#8221;off&#8221; button_two_text_color__hover_enabled=&#8221;off&#8221; button_border_width__hover_enabled=&#8221;off&#8221; button_one_border_width__hover_enabled=&#8221;off&#8221; button_two_border_width__hover_enabled=&#8221;off&#8221; button_border_color__hover_enabled=&#8221;off&#8221; button_one_border_color__hover_enabled=&#8221;off&#8221; button_two_border_color__hover_enabled=&#8221;off&#8221; button_border_radius__hover_enabled=&#8221;off&#8221; button_one_border_radius__hover_enabled=&#8221;off&#8221; button_two_border_radius__hover_enabled=&#8221;off&#8221; button_letter_spacing__hover_enabled=&#8221;off&#8221; button_one_letter_spacing__hover_enabled=&#8221;off&#8221; button_two_letter_spacing__hover_enabled=&#8221;off&#8221; button_bg_color__hover_enabled=&#8221;off&#8221; button_one_bg_color__hover_enabled=&#8221;off&#8221; button_two_bg_color__hover_enabled=&#8221;off&#8221; sticky_enabled=&#8221;0&#8243;][\/et_pb_contact_field][et_pb_contact_field field_id=&#8221;Email&#8221; field_title=&#8221;Email adresa&#8221; field_type=&#8221;email&#8221; _builder_version=&#8221;4.27.4&#8243; hover_enabled=&#8221;0&#8243; global_colors_info=&#8221;{}&#8221; button_text_size__hover_enabled=&#8221;off&#8221; button_one_text_size__hover_enabled=&#8221;off&#8221; button_two_text_size__hover_enabled=&#8221;off&#8221; button_text_color__hover_enabled=&#8221;off&#8221; button_one_text_color__hover_enabled=&#8221;off&#8221; button_two_text_color__hover_enabled=&#8221;off&#8221; button_border_width__hover_enabled=&#8221;off&#8221; button_one_border_width__hover_enabled=&#8221;off&#8221; button_two_border_width__hover_enabled=&#8221;off&#8221; button_border_color__hover_enabled=&#8221;off&#8221; button_one_border_color__hover_enabled=&#8221;off&#8221; button_two_border_color__hover_enabled=&#8221;off&#8221; button_border_radius__hover_enabled=&#8221;off&#8221; button_one_border_radius__hover_enabled=&#8221;off&#8221; button_two_border_radius__hover_enabled=&#8221;off&#8221; button_letter_spacing__hover_enabled=&#8221;off&#8221; button_one_letter_spacing__hover_enabled=&#8221;off&#8221; button_two_letter_spacing__hover_enabled=&#8221;off&#8221; button_bg_color__hover_enabled=&#8221;off&#8221; button_one_bg_color__hover_enabled=&#8221;off&#8221; button_two_bg_color__hover_enabled=&#8221;off&#8221; sticky_enabled=&#8221;0&#8243;][\/et_pb_contact_field][et_pb_contact_field field_id=&#8221;Message&#8221; field_title=&#8221;Poruka&#8221; field_type=&#8221;text&#8221; fullwidth_field=&#8221;on&#8221; _builder_version=&#8221;4.27.4&#8243; hover_enabled=&#8221;0&#8243; global_colors_info=&#8221;{}&#8221; button_text_size__hover_enabled=&#8221;off&#8221; button_one_text_size__hover_enabled=&#8221;off&#8221; button_two_text_size__hover_enabled=&#8221;off&#8221; button_text_color__hover_enabled=&#8221;off&#8221; button_one_text_color__hover_enabled=&#8221;off&#8221; button_two_text_color__hover_enabled=&#8221;off&#8221; button_border_width__hover_enabled=&#8221;off&#8221; button_one_border_width__hover_enabled=&#8221;off&#8221; button_two_border_width__hover_enabled=&#8221;off&#8221; button_border_color__hover_enabled=&#8221;off&#8221; button_one_border_color__hover_enabled=&#8221;off&#8221; button_two_border_color__hover_enabled=&#8221;off&#8221; button_border_radius__hover_enabled=&#8221;off&#8221; button_one_border_radius__hover_enabled=&#8221;off&#8221; button_two_border_radius__hover_enabled=&#8221;off&#8221; button_letter_spacing__hover_enabled=&#8221;off&#8221; button_one_letter_spacing__hover_enabled=&#8221;off&#8221; button_two_letter_spacing__hover_enabled=&#8221;off&#8221; button_bg_color__hover_enabled=&#8221;off&#8221; button_one_bg_color__hover_enabled=&#8221;off&#8221; button_two_bg_color__hover_enabled=&#8221;off&#8221; sticky_enabled=&#8221;0&#8243;][\/et_pb_contact_field][\/et_pb_contact_form][\/et_pb_column][\/et_pb_row][\/et_pb_section]<\/p>\n","protected":false},"excerpt":{"rendered":"<p>Prepusti dokumentaciju meni. Savjetujem te kako da postavi\u0161 temelje poslovanja s kemikalijama i nudim ti izradu i vo\u0111enje dokumentacije.Savjetujem te vezano uz plasiranje opasne kemikalije na tr\u017ei\u0161te. Izra\u0111ujem dokumentaciju prema va\u017ee\u010doj regulativi. Posebno sam specijalizirana za savjetovanje i izradu dokumentacije za: &#8211; eteri\u010dna ulja &#8211; blendove eteri\u010dnih ulja &#8211; osvje\u017eiva\u010de prostora &#8211; mirisne svije\u0107e &#8211; [&hellip;]<\/p>\n","protected":false},"author":1,"featured_media":0,"parent":0,"menu_order":0,"comment_status":"closed","ping_status":"closed","template":"","meta":{"_et_pb_use_builder":"on","_et_pb_old_content":"","_et_gb_content_width":"","footnotes":""},"class_list":["post-5","page","type-page","status-publish","hentry"],"_links":{"self":[{"href":"https:\/\/www.rockkistrica.hr\/pocetna-stranica\/wp-json\/wp\/v2\/pages\/5","targetHints":{"allow":["GET"]}}],"collection":[{"href":"https:\/\/www.rockkistrica.hr\/pocetna-stranica\/wp-json\/wp\/v2\/pages"}],"about":[{"href":"https:\/\/www.rockkistrica.hr\/pocetna-stranica\/wp-json\/wp\/v2\/types\/page"}],"author":[{"embeddable":true,"href":"https:\/\/www.rockkistrica.hr\/pocetna-stranica\/wp-json\/wp\/v2\/users\/1"}],"replies":[{"embeddable":true,"href":"https:\/\/www.rockkistrica.hr\/pocetna-stranica\/wp-json\/wp\/v2\/comments?post=5"}],"version-history":[{"count":367,"href":"https:\/\/www.rockkistrica.hr\/pocetna-stranica\/wp-json\/wp\/v2\/pages\/5\/revisions"}],"predecessor-version":[{"id":2150,"href":"https:\/\/www.rockkistrica.hr\/pocetna-stranica\/wp-json\/wp\/v2\/pages\/5\/revisions\/2150"}],"wp:attachment":[{"href":"https:\/\/www.rockkistrica.hr\/pocetna-stranica\/wp-json\/wp\/v2\/media?parent=5"}],"curies":[{"name":"wp","href":"https:\/\/api.w.org\/{rel}","templated":true}]}}