{"id":844,"date":"2022-05-12T10:48:42","date_gmt":"2022-05-12T09:48:42","guid":{"rendered":"https:\/\/www.rockkistrica.hr\/pocetna-stranica\/?page_id=844"},"modified":"2026-03-19T11:13:04","modified_gmt":"2026-03-19T10:13:04","slug":"recenzije","status":"publish","type":"page","link":"https:\/\/www.rockkistrica.hr\/pocetna-stranica\/recenzije\/","title":{"rendered":"Recenzije"},"content":{"rendered":"<p>[et_pb_section fb_built=&#8221;1&#8243; disabled_on=&#8221;off|off|off&#8221; admin_label=&#8221;CTA&#8221; _builder_version=&#8221;4.16&#8243; background_image=&#8221;https:\/\/www.rockkistrica.hr\/wp-content\/uploads\/2020\/09\/holistic-healer-35.png&#8221; background_size=&#8221;initial&#8221; background_position=&#8221;top_center&#8221; background_repeat=&#8221;repeat&#8221; custom_margin=&#8221;11px||||false|false&#8221; custom_padding=&#8221;0px||0px||true|false&#8221; hover_enabled=&#8221;0&#8243; global_colors_info=&#8221;{}&#8221; sticky_enabled=&#8221;0&#8243;][et_pb_row _builder_version=&#8221;4.27.4&#8243; background_enable_color=&#8221;off&#8221; use_background_color_gradient=&#8221;on&#8221; background_color_gradient_stops=&#8221;rgba(0,0,0,0.3) 0%|rgba(0,0,0,0.3) 100%&#8221; background_color_gradient_overlays_image=&#8221;on&#8221; background_color_gradient_start=&#8221;rgba(0,0,0,0.3)&#8221; background_color_gradient_end=&#8221;rgba(0,0,0,0.3)&#8221; background_image=&#8221;https:\/\/www.rockkistrica.hr\/wp-content\/uploads\/2026\/03\/Dizajn-bez-naslova-2026-03-18T175249.276.png&#8221; custom_padding=&#8221;147px||0px||false|false&#8221; hover_enabled=&#8221;0&#8243; global_colors_info=&#8221;{}&#8221; sticky_enabled=&#8221;0&#8243; title_text=&#8221;Dizajn bez naslova &#8211; 2026-03-18T175249.276&#8243;][et_pb_column type=&#8221;4_4&#8243; _builder_version=&#8221;4.16&#8243; custom_padding=&#8221;|16%||16%|false|true&#8221; custom_padding_tablet=&#8221;|10%||10%|false|true&#8221; custom_padding_phone=&#8221;||||false|true&#8221; custom_padding_last_edited=&#8221;on|desktop&#8221; global_colors_info=&#8221;{}&#8221;][et_pb_text _builder_version=&#8221;4.22.1&#8243; text_font=&#8221;Abhaya Libre||||||||&#8221; header_font=&#8221;Abhaya Libre||||||||&#8221; header_2_font=&#8221;Abhaya Libre|600|||||||&#8221; header_2_font_size=&#8221;63px&#8221; header_2_line_height=&#8221;1.2em&#8221; background_layout=&#8221;dark&#8221; module_alignment=&#8221;center&#8221; custom_padding=&#8221;||13px|||&#8221; header_2_font_size_tablet=&#8221;60px&#8221; header_2_font_size_phone=&#8221;40px&#8221; header_2_font_size_last_edited=&#8221;on|phone&#8221; global_colors_info=&#8221;{}&#8221;]<\/p>\n<h2>Recenzije<\/h2>\n<p>[\/et_pb_text][et_pb_text _builder_version=&#8221;4.22.1&#8243; text_font=&#8221;Abhaya Libre|600|||||||&#8221; text_line_height=&#8221;1.8em&#8221; header_font=&#8221;Abhaya Libre||||||||&#8221; header_3_font=&#8221;Abhaya Libre|600|||||||&#8221; header_3_text_color=&#8221;#FFFFFF&#8221; header_3_line_height=&#8221;1.4em&#8221; min_height=&#8221;156px&#8221; custom_margin=&#8221;||110px|||&#8221; header_3_line_height_tablet=&#8221;1.4em&#8221; header_3_line_height_phone=&#8221;1.4em&#8221; header_3_line_height_last_edited=&#8221;on|tablet&#8221; locked=&#8221;off&#8221; global_colors_info=&#8221;{}&#8221;]<\/p>\n<h3>U mom radu svakodnevno se sre\u0107em sa divnim ljudima koji moj rad oboga\u0107uju svojim pitanjima, kreativno\u0161\u0107u, \u017eeljom za napretkom, voljom i uporno\u0161\u0107u. Svakodnevno u\u010dim iz njihovih pri\u010da i iznimna mi je \u010dast \u0161to su ba\u0161 meni posvetili pa\u017enju i dali povjerenje.<\/h3>\n<h3>Vi ste ti koji me pokre\u0107u i daju mi snagu.<\/h3>\n<p>[\/et_pb_text][et_pb_text _builder_version=&#8221;4.22.1&#8243; _module_preset=&#8221;default&#8221; text_font=&#8221;Abhaya Libre||||||||&#8221; text_font_size=&#8221;18px&#8221; header_font=&#8221;Abhaya Libre||||||||&#8221; background_color=&#8221;#FFFFFF&#8221; max_width=&#8221;60%&#8221; min_height=&#8221;272px&#8221; custom_margin=&#8221;6px|||-23.5%|false|false&#8221; custom_margin_tablet=&#8221;|||0%|false|false&#8221; custom_margin_phone=&#8221;||||false|false&#8221; custom_margin_last_edited=&#8221;on|phone&#8221; custom_padding=&#8221;100px|2px|0px|85px|false|false&#8221; global_colors_info=&#8221;{}&#8221;]<\/p>\n<p><strong>Vi ste rekli\u2026<\/strong><\/p>\n<p><strong>\u2026i veliko vam hvala na tome<\/strong><\/p>\n<p>[\/et_pb_text][\/et_pb_column][\/et_pb_row][\/et_pb_section][et_pb_section fb_built=&#8221;1&#8243; _builder_version=&#8221;4.16&#8243; _module_preset=&#8221;default&#8221; custom_padding=&#8221;96px|||||&#8221; global_colors_info=&#8221;{}&#8221;][et_pb_row _builder_version=&#8221;4.16&#8243; _module_preset=&#8221;default&#8221; global_colors_info=&#8221;{}&#8221;][et_pb_column type=&#8221;4_4&#8243; _builder_version=&#8221;4.16&#8243; _module_preset=&#8221;default&#8221; global_colors_info=&#8221;{}&#8221;][et_pb_testimonial author=&#8221;Barbara \u0160ajinovi\u0107&#8221; job_title=&#8221;Voditeljica proizvodnje &#8221; company_name=&#8221;Sfera Visia j.d.o.o.&#8221; quote_icon_color=&#8221;#afe0c2&#8243; quote_icon_background_color=&#8221;#FFFFFF&#8221; use_icon_font_size=&#8221;on&#8221; icon_font_size=&#8221;61px&#8221; _builder_version=&#8221;4.22.1&#8243; _module_preset=&#8221;default&#8221; body_font=&#8221;Abhaya Libre||||||||&#8221; body_text_color=&#8221;#000000&#8243; author_font=&#8221;Abhaya Libre|700|||||||&#8221; author_text_color=&#8221;rgba(0,0,0,0.53)&#8221; position_font=&#8221;Abhaya Libre||||||||&#8221; company_font=&#8221;Abhaya Libre||||||||&#8221; custom_margin=&#8221;||58px||false|false&#8221; custom_padding=&#8221;50px||||false|false&#8221; author_text_shadow_style=&#8221;preset3&#8243; author_text_shadow_blur_strength=&#8221;1.61em&#8221; author_text_shadow_color=&#8221;#8be0ad&#8221; global_colors_info=&#8221;{}&#8221;]<\/p>\n<p>Koristim ovu priliku kako bih u ime dru\u0161tvenog poduze\u0107a SFERA VISIA j.d.o.o., kao voditeljica i tehnolog u proizvodnji prirodnih sapuna, izrazila na\u0161e zadovoljstvo suradnjom s Vama.<\/p>\n<p>Obratili srno Vam se za pomo\u0107, savjetovanje i vodstvo pri izradi sigurnosno tehni\u010dkog lista za nas novi proizvod -dezinfekcijski teku\u0107i sapun, te prijavi istog u registar biocidnih proizvoda. Obavili ste stru\u010dan, profesionalan posao u najkra\u0107em mogu\u0107em roku na vrlo pristupa\u010dan na\u010din uz prijateljsku komunikaciju, redovno izvje\u0161tavanje o napretku i preprekama te uvijek jednostavnim i jasnim uputama za dijelove postupka koje srno trebali odraditi sami.<\/p>\n<p>Posebno nam se svidjela i mnogo nam znaci Va\u0161a pohvala na\u0161ih proizvoda te zelja da ih predstavite drugima. Uze\u0107i u obzir da ste i sami proizvo\u0111a\u010d prirodne kozmetike te imate i iskustvo i znanje pohvala koja dolazi od Vas zaista mnogo znaci i na osobno i profesionalno.<\/p>\n<p>lmate vrlo lijep, siguran ali nenametljiv pristup i ljudima s kojima radite i poslu koji obavljate. Hvala Vam na lijepom iskustvu i uspje\u0161no obavljenom poslu.<\/p>\n<p>lako jo\u0161 nismo isprobali Va\u0161e proizvode iskoristit \u0107emo nadolaze\u0107e blagdane da to promijenimo. Vesele nas budu\u0107e suradnje s Vama.<\/p>\n<p>Jos jednom iskreno hvala i puno uspjeha i svako dobro u daljnjem radu.<\/p>\n<p>[\/et_pb_testimonial][et_pb_testimonial author=&#8221;Svjetlana Kova\u010devi\u0107 Uradin dipl. ing. prehrambene tehnologije&#8221; job_title=&#8221;Voditeljica odjela ispitivanja kozmetike&#8221; company_name=&#8221;Eurofins Croatiakontrola d.o.o.&#8221; quote_icon_color=&#8221;#afe0c2&#8243; quote_icon_background_color=&#8221;#FFFFFF&#8221; use_icon_font_size=&#8221;on&#8221; icon_font_size=&#8221;61px&#8221; _builder_version=&#8221;4.22.1&#8243; _module_preset=&#8221;default&#8221; body_font=&#8221;Abhaya Libre||||||||&#8221; body_text_color=&#8221;#000000&#8243; author_font=&#8221;Abhaya Libre|700|||||||&#8221; author_text_color=&#8221;rgba(0,0,0,0.53)&#8221; position_font=&#8221;Abhaya Libre||||||||&#8221; company_font=&#8221;Abhaya Libre||||||||&#8221; custom_margin=&#8221;||58px||false|false&#8221; custom_padding=&#8221;50px||||false|false&#8221; author_text_shadow_style=&#8221;preset3&#8243; author_text_shadow_blur_strength=&#8221;1.61em&#8221; author_text_shadow_color=&#8221;#8be0ad&#8221; global_colors_info=&#8221;{}&#8221;]<\/p>\n<p>Izuzetna mi je \u010dast napisati osvrt za Sandru Rok, uspje\u0161nu, neumornu i svestranu mladu \u017eenu, koju sam imala priliku dobro upoznati tijekom gotovo tri godine uspje\u0161ne poslovne suradnje.<\/p>\n<p>Dinami\u010dna i odlu\u010dna kakva je, Sandra mi se jednog dana najavila na sastanak. Rekla je da bi\u00a0 se\u00a0 ona\u00a0 \u201c&#8230;malo\u00a0 bavila\u00a0 kozmetikom, da jo\u0161 nije sigurna, da ne zna od kuda po\u010deti&#8230;\u201c. Nakon 15 minuta razgovora,\u00a0 shvatila sam da je predanom\u00a0 osoba koja to\u010dno zna \u0161to radi, \u0161to \u017eeli i kamo ide (mo\u017eda ne i kojim putem, ali definitivno zna gdje \u017eeli biti!). Od toga dana, na\u0161a\u00a0 je suradnja postepeno prerasla u uzajamno po\u0161tovanje, a slobodno mogu re\u0107i i prijateljstvo (barem\u00a0 s\u00a0 moje strane\u00a0\u00a0 ). Nikada\u00a0\u00a0\u00a0 nisam srela tako dragu, otvorenu i nesebi\u010dnu osobu koja se uvijek spremna\u00a0 javiti, pomo\u0107i, slu\u0161ati&#8230; Nesebi\u010dno pru\u017ea svoje\u00a0 znanje, savjet i utjehu bez razmi\u0161ljanja i predrasuda. Nikada nije rekla da ne mo\u017ee, da nema vremena. Nikada nije odustala pred preprekama, niti dozvolila ikome da joj ka\u017ee da je ne\u0161to nemogu\u0107e i da ona to ne mo\u017ee.\u00a0 Ona je kao ona \u201etiha voda koja\u00a0 brege dere\u201c \u2013 i kroz naj\u010dvr\u0161\u0107u stijenu prona\u0111e put.<\/p>\n<p>Drago mi je da je Sandra dio mog \u017eivota jer samim time on je bogatiji. Uz nju, i ja \u017eelim biti bolja, i ja \u017eelim biti barem djeli\u0107\u00a0 onakvog duha kakav je ona. I vratiti joj svu pozitivu istom mjerom&#8230;.<\/p>\n<p>[\/et_pb_testimonial][et_pb_testimonial author=&#8221;Marin i Filip&#8221; company_name=&#8221;Salvia d.o.o. Kornati&#8221; quote_icon_color=&#8221;#afe0c2&#8243; quote_icon_background_color=&#8221;#FFFFFF&#8221; use_icon_font_size=&#8221;on&#8221; icon_font_size=&#8221;61px&#8221; _builder_version=&#8221;4.22.1&#8243; _module_preset=&#8221;default&#8221; body_font=&#8221;Abhaya Libre||||||||&#8221; body_text_color=&#8221;#000000&#8243; author_font=&#8221;Abhaya Libre|700|||||||&#8221; author_text_color=&#8221;rgba(0,0,0,0.53)&#8221; company_font=&#8221;Abhaya Libre||||||||&#8221; custom_margin=&#8221;||58px||false|false&#8221; custom_padding=&#8221;50px||||false|false&#8221; author_text_shadow_style=&#8221;preset3&#8243; author_text_shadow_blur_strength=&#8221;1.61em&#8221; author_text_shadow_color=&#8221;#8be0ad&#8221; global_colors_info=&#8221;{}&#8221;]<\/p>\n<p>Sa Sandrom smo zapo\u010deli suradnju nedavno, a imamo osje\u0107aj da traje godinama. Razlog je u jednostavnosti komunikacije, proaktivnim prijedlozima i profesionalnom pristupu. Ni\u0161ta joj nije te\u0161ko a to pokazuje kakav karakter ima. Sa takvim ljudima je uvijek ugodno i jednostavno raditi.<\/p>\n<p>Vjerujemo u uspje\u0161nu i dugoro\u010dnu suradnju. Sandra, hvala ti \ud83d\ude42<\/p>\n<p>[\/et_pb_testimonial][\/et_pb_column][\/et_pb_row][\/et_pb_section][et_pb_section fb_built=&#8221;1&#8243; admin_label=&#8221;Footer Section&#8221; module_id=&#8221;kontakt&#8221; _builder_version=&#8221;4.16&#8243; background_color=&#8221;#f7f7f7&#8243; custom_padding=&#8221;82px||139px|||&#8221; locked=&#8221;off&#8221; global_colors_info=&#8221;{}&#8221;][et_pb_row _builder_version=&#8221;4.16&#8243; _module_preset=&#8221;default&#8221; custom_padding=&#8221;49px|||||&#8221; global_colors_info=&#8221;{}&#8221;][et_pb_column type=&#8221;4_4&#8243; _builder_version=&#8221;4.16&#8243; _module_preset=&#8221;default&#8221; global_colors_info=&#8221;{}&#8221;][et_pb_text _builder_version=&#8221;4.22.1&#8243; header_2_font=&#8221;Abhaya Libre|600|||||||&#8221; header_2_font_size=&#8221;60px&#8221; header_2_line_height=&#8221;1.2em&#8221; header_2_font_size_tablet=&#8221;42px&#8221; header_2_font_size_phone=&#8221;24px&#8221; header_2_font_size_last_edited=&#8221;on|phone&#8221; header_2_line_height_tablet=&#8221;&#8221; header_2_line_height_phone=&#8221;1.4em&#8221; header_2_line_height_last_edited=&#8221;on|phone&#8221; locked=&#8221;off&#8221; global_colors_info=&#8221;{}&#8221;]<\/p>\n<h2>Kontakt<\/h2>\n<p>[\/et_pb_text][\/et_pb_column][\/et_pb_row][et_pb_row column_structure=&#8221;1_3,2_3&#8243; admin_label=&#8221;Footer Area&#8221; _builder_version=&#8221;4.16&#8243; global_colors_info=&#8221;{}&#8221;][et_pb_column type=&#8221;1_3&#8243; _builder_version=&#8221;4.16&#8243; custom_padding=&#8221;|||&#8221; global_colors_info=&#8221;{}&#8221; custom_padding__hover=&#8221;|||&#8221;][et_pb_blurb title=&#8221;Adresa&#8221; admin_label=&#8221;Address&#8221; _builder_version=&#8221;4.23&#8243; header_font=&#8221;Abhaya Libre|600|||||||&#8221; header_font_size=&#8221;16px&#8221; header_line_height=&#8221;1.8em&#8221; body_font=&#8221;Abhaya Libre||||||||&#8221; body_font_size=&#8221;16px&#8221; body_line_height=&#8221;1.8em&#8221; custom_padding=&#8221;||0px|||&#8221; animation_style=&#8221;fold&#8221; animation_direction=&#8221;left&#8221; animation_intensity_fold=&#8221;20%&#8221; animation_starting_opacity=&#8221;100%&#8221; global_colors_info=&#8221;{}&#8221;]<\/p>\n<p>Velika Mlaka<br \/>Ul. Dobri\u0161e Cesari\u0107a 13<\/p>\n<p>[\/et_pb_blurb][et_pb_blurb title=&#8221;Email&#8221; admin_label=&#8221;Address&#8221; _builder_version=&#8221;4.22.1&#8243; header_font=&#8221;Abhaya Libre|600|||||||&#8221; header_font_size=&#8221;16px&#8221; header_line_height=&#8221;1.8em&#8221; body_font=&#8221;Abhaya Libre||||||||&#8221; body_font_size=&#8221;16px&#8221; body_line_height=&#8221;1.8em&#8221; animation_style=&#8221;fold&#8221; animation_direction=&#8221;left&#8221; animation_intensity_fold=&#8221;20%&#8221; animation_starting_opacity=&#8221;100%&#8221; global_colors_info=&#8221;{}&#8221;]<\/p>\n<p>sandra@rockkistrica.hr<\/p>\n<p>[\/et_pb_blurb][\/et_pb_column][et_pb_column type=&#8221;2_3&#8243; _builder_version=&#8221;4.16&#8243; custom_padding=&#8221;|||&#8221; global_colors_info=&#8221;{}&#8221; custom_padding__hover=&#8221;|||&#8221;][et_pb_contact_form captcha=&#8221;off&#8221; email=&#8221;info@rockkistrica.hr&#8221; title=&#8221;Pi\u0161ite mi&#8221; submit_button_text=&#8221;Po\u0161alji poruku&#8221; module_id=&#8221;et_pb_contact_form_0&#8243; _builder_version=&#8221;4.27.4&#8243; _unique_id=&#8221;c3c341e1-4e2a-4320-91a3-20ea4fc52a3e&#8221; form_field_background_color=&#8221;rgba(255,255,255,0)&#8221; title_level=&#8221;h3&#8243; title_font=&#8221;Abhaya Libre||||||||&#8221; title_font_size=&#8221;36px&#8221; form_field_font=&#8221;Abhaya Libre||||||||&#8221; form_field_font_size=&#8221;16px&#8221; custom_button=&#8221;on&#8221; button_text_size=&#8221;14px&#8221; button_text_color=&#8221;#FFFFFF&#8221; button_bg_color=&#8221;#60959b&#8221; button_border_width=&#8221;0px&#8221; button_border_color=&#8221;#afe0c2&#8243; button_border_radius=&#8221;30px&#8221; button_letter_spacing=&#8221;2px&#8221; button_font=&#8221;Abhaya Libre|600||on|||||&#8221; custom_padding=&#8221;4px|||||&#8221; animation_style=&#8221;fade&#8221; hover_enabled=&#8221;0&#8243; border_width_all=&#8221;1px&#8221; border_color_all=&#8221;rgba(0,0,0,0.12)&#8221; form_background_color=&#8221;rgba(255,255,255,0)&#8221; global_colors_info=&#8221;{}&#8221; button_bg_enable_color=&#8221;on&#8221; sticky_enabled=&#8221;0&#8243; button_use_icon=&#8221;off&#8221;][et_pb_contact_field field_id=&#8221;Name&#8221; field_title=&#8221;Name&#8221; _builder_version=&#8221;4.16&#8243; form_field_font=&#8221;||||||||&#8221; global_colors_info=&#8221;{}&#8221; button_text_size__hover_enabled=&#8221;off&#8221; button_one_text_size__hover_enabled=&#8221;off&#8221; button_two_text_size__hover_enabled=&#8221;off&#8221; button_text_color__hover_enabled=&#8221;off&#8221; button_one_text_color__hover_enabled=&#8221;off&#8221; button_two_text_color__hover_enabled=&#8221;off&#8221; button_border_width__hover_enabled=&#8221;off&#8221; button_one_border_width__hover_enabled=&#8221;off&#8221; button_two_border_width__hover_enabled=&#8221;off&#8221; button_border_color__hover_enabled=&#8221;off&#8221; button_one_border_color__hover_enabled=&#8221;off&#8221; button_two_border_color__hover_enabled=&#8221;off&#8221; button_border_radius__hover_enabled=&#8221;off&#8221; button_one_border_radius__hover_enabled=&#8221;off&#8221; button_two_border_radius__hover_enabled=&#8221;off&#8221; button_letter_spacing__hover_enabled=&#8221;off&#8221; button_one_letter_spacing__hover_enabled=&#8221;off&#8221; button_two_letter_spacing__hover_enabled=&#8221;off&#8221; button_bg_color__hover_enabled=&#8221;off&#8221; button_one_bg_color__hover_enabled=&#8221;off&#8221; button_two_bg_color__hover_enabled=&#8221;off&#8221;][\/et_pb_contact_field][et_pb_contact_field field_id=&#8221;Email&#8221; field_title=&#8221;Email Address&#8221; field_type=&#8221;email&#8221; _builder_version=&#8221;4.16&#8243; global_colors_info=&#8221;{}&#8221; button_text_size__hover_enabled=&#8221;off&#8221; button_one_text_size__hover_enabled=&#8221;off&#8221; button_two_text_size__hover_enabled=&#8221;off&#8221; button_text_color__hover_enabled=&#8221;off&#8221; button_one_text_color__hover_enabled=&#8221;off&#8221; button_two_text_color__hover_enabled=&#8221;off&#8221; button_border_width__hover_enabled=&#8221;off&#8221; button_one_border_width__hover_enabled=&#8221;off&#8221; button_two_border_width__hover_enabled=&#8221;off&#8221; button_border_color__hover_enabled=&#8221;off&#8221; button_one_border_color__hover_enabled=&#8221;off&#8221; button_two_border_color__hover_enabled=&#8221;off&#8221; button_border_radius__hover_enabled=&#8221;off&#8221; button_one_border_radius__hover_enabled=&#8221;off&#8221; button_two_border_radius__hover_enabled=&#8221;off&#8221; button_letter_spacing__hover_enabled=&#8221;off&#8221; button_one_letter_spacing__hover_enabled=&#8221;off&#8221; button_two_letter_spacing__hover_enabled=&#8221;off&#8221; button_bg_color__hover_enabled=&#8221;off&#8221; button_one_bg_color__hover_enabled=&#8221;off&#8221; button_two_bg_color__hover_enabled=&#8221;off&#8221;][\/et_pb_contact_field][et_pb_contact_field field_id=&#8221;Message&#8221; field_title=&#8221;Message&#8221; field_type=&#8221;text&#8221; fullwidth_field=&#8221;on&#8221; _builder_version=&#8221;4.16&#8243; global_colors_info=&#8221;{}&#8221; button_text_size__hover_enabled=&#8221;off&#8221; button_one_text_size__hover_enabled=&#8221;off&#8221; button_two_text_size__hover_enabled=&#8221;off&#8221; button_text_color__hover_enabled=&#8221;off&#8221; button_one_text_color__hover_enabled=&#8221;off&#8221; button_two_text_color__hover_enabled=&#8221;off&#8221; button_border_width__hover_enabled=&#8221;off&#8221; button_one_border_width__hover_enabled=&#8221;off&#8221; button_two_border_width__hover_enabled=&#8221;off&#8221; button_border_color__hover_enabled=&#8221;off&#8221; button_one_border_color__hover_enabled=&#8221;off&#8221; button_two_border_color__hover_enabled=&#8221;off&#8221; button_border_radius__hover_enabled=&#8221;off&#8221; button_one_border_radius__hover_enabled=&#8221;off&#8221; button_two_border_radius__hover_enabled=&#8221;off&#8221; button_letter_spacing__hover_enabled=&#8221;off&#8221; button_one_letter_spacing__hover_enabled=&#8221;off&#8221; button_two_letter_spacing__hover_enabled=&#8221;off&#8221; button_bg_color__hover_enabled=&#8221;off&#8221; button_one_bg_color__hover_enabled=&#8221;off&#8221; button_two_bg_color__hover_enabled=&#8221;off&#8221;][\/et_pb_contact_field][\/et_pb_contact_form][\/et_pb_column][\/et_pb_row][\/et_pb_section]<\/p>\n","protected":false},"excerpt":{"rendered":"<p>RecenzijeU mom radu svakodnevno se sre\u0107em sa divnim ljudima koji moj rad oboga\u0107uju svojim pitanjima, kreativno\u0161\u0107u, \u017eeljom za napretkom, voljom i uporno\u0161\u0107u. Svakodnevno u\u010dim iz njihovih pri\u010da i iznimna mi je \u010dast \u0161to su ba\u0161 meni posvetili pa\u017enju i dali povjerenje. Vi ste ti koji me pokre\u0107u i daju mi snagu.Vi ste rekli\u2026 \u2026i veliko [&hellip;]<\/p>\n","protected":false},"author":1,"featured_media":0,"parent":0,"menu_order":0,"comment_status":"closed","ping_status":"closed","template":"","meta":{"_et_pb_use_builder":"on","_et_pb_old_content":"","_et_gb_content_width":"","footnotes":""},"class_list":["post-844","page","type-page","status-publish","hentry"],"_links":{"self":[{"href":"https:\/\/www.rockkistrica.hr\/pocetna-stranica\/wp-json\/wp\/v2\/pages\/844","targetHints":{"allow":["GET"]}}],"collection":[{"href":"https:\/\/www.rockkistrica.hr\/pocetna-stranica\/wp-json\/wp\/v2\/pages"}],"about":[{"href":"https:\/\/www.rockkistrica.hr\/pocetna-stranica\/wp-json\/wp\/v2\/types\/page"}],"author":[{"embeddable":true,"href":"https:\/\/www.rockkistrica.hr\/pocetna-stranica\/wp-json\/wp\/v2\/users\/1"}],"replies":[{"embeddable":true,"href":"https:\/\/www.rockkistrica.hr\/pocetna-stranica\/wp-json\/wp\/v2\/comments?post=844"}],"version-history":[{"count":13,"href":"https:\/\/www.rockkistrica.hr\/pocetna-stranica\/wp-json\/wp\/v2\/pages\/844\/revisions"}],"predecessor-version":[{"id":2142,"href":"https:\/\/www.rockkistrica.hr\/pocetna-stranica\/wp-json\/wp\/v2\/pages\/844\/revisions\/2142"}],"wp:attachment":[{"href":"https:\/\/www.rockkistrica.hr\/pocetna-stranica\/wp-json\/wp\/v2\/media?parent=844"}],"curies":[{"name":"wp","href":"https:\/\/api.w.org\/{rel}","templated":true}]}}